{"id":76,"date":"2025-02-19T10:43:43","date_gmt":"2025-02-19T01:43:43","guid":{"rendered":"https:\/\/hbw10019vlxx.smartrelease.jp\/vn\/?page_id=76"},"modified":"2025-02-28T17:14:53","modified_gmt":"2025-02-28T08:14:53","slug":"contact","status":"publish","type":"page","link":"https:\/\/www.f-create.or.jp\/vn\/contact\/","title":{"rendered":"H\u1ecfi \u0111\u00e1p"},"content":{"rendered":"<p>Nghi\u1ec7p \u0111o\u00e0n Future Create ti\u1ebfp nh\u1eadn c\u00e1c c\u00e2u h\u1ecfi v\u00e0 t\u01b0 v\u1ea5n li\u00ean quan \u0111\u1ebfn vi\u1ec7c ti\u1ebfp nh\u1eadn th\u1ef1c t\u1eadp sinh k\u1ef9 n\u0103ng n\u01b0\u1edbc ngo\u00e0i, ng\u01b0\u1eddi lao \u0111\u1ed9ng c\u00f3 k\u1ef9 n\u0103ng \u0111\u1eb7c \u0111\u1ecbnh, v\u00e0 c\u00e1c d\u1ecbch v\u1ee5 li\u00ean quan \u0111\u1ebfn xe c\u1ed9. Xin vui l\u00f2ng li\u00ean h\u1ec7 v\u1edbi ch\u00fang t\u00f4i n\u1ebfu b\u1ea1n c\u00f3 b\u1ea5t k\u1ef3 th\u1eafc m\u1eafc n\u00e0o.<\/p>\n<div data-mrc-webform=\"4687\">\n\u3000<\/p>\n<p>Vui l\u00f2ng ch\u1edd trong gi\u00e2y l\u00e1t cho \u0111\u1ebfn khi m\u1eabu \u0111\u01a1n \u0111\u01b0\u1ee3c hi\u1ec3n th\u1ecb.<\/p>\n<\/p>\n<\/div>\n","protected":false},"excerpt":{"rendered":"Nghi\u1ec7p \u0111o\u00e0n Future Create ti\u1ebfp nh\u1eadn c\u00e1c c\u00e2u h\u1ecfi v\u00e0 t\u01b0 v\u1ea5n li\u00ean quan \u0111\u1ebfn vi\u1ec7c ti\u1ebfp nh\u1eadn th\u1ef1c t\u1eadp sinh k\u1ef9 n\u0103ng n [&hellip;]","protected":false},"author":2,"featured_media":0,"parent":0,"menu_order":0,"comment_status":"closed","ping_status":"closed","template":"","meta":{"footnotes":""},"class_list":["post-76","page","type-page","status-publish","hentry"],"_links":{"self":[{"href":"https:\/\/www.f-create.or.jp\/vn\/wp-json\/wp\/v2\/pages\/76","targetHints":{"allow":["GET"]}}],"collection":[{"href":"https:\/\/www.f-create.or.jp\/vn\/wp-json\/wp\/v2\/pages"}],"about":[{"href":"https:\/\/www.f-create.or.jp\/vn\/wp-json\/wp\/v2\/types\/page"}],"author":[{"embeddable":true,"href":"https:\/\/www.f-create.or.jp\/vn\/wp-json\/wp\/v2\/users\/2"}],"replies":[{"embeddable":true,"href":"https:\/\/www.f-create.or.jp\/vn\/wp-json\/wp\/v2\/comments?post=76"}],"version-history":[{"count":7,"href":"https:\/\/www.f-create.or.jp\/vn\/wp-json\/wp\/v2\/pages\/76\/revisions"}],"predecessor-version":[{"id":135,"href":"https:\/\/www.f-create.or.jp\/vn\/wp-json\/wp\/v2\/pages\/76\/revisions\/135"}],"wp:attachment":[{"href":"https:\/\/www.f-create.or.jp\/vn\/wp-json\/wp\/v2\/media?parent=76"}],"curies":[{"name":"wp","href":"https:\/\/api.w.org\/{rel}","templated":true}]}}