{"id":72,"date":"2025-02-19T10:30:20","date_gmt":"2025-02-19T01:30:20","guid":{"rendered":"https:\/\/hbw10019vlxx.smartrelease.jp\/vn\/?page_id=72"},"modified":"2025-02-28T13:15:26","modified_gmt":"2025-02-28T04:15:26","slug":"privacypolicy","status":"publish","type":"page","link":"https:\/\/www.f-create.or.jp\/vn\/privacypolicy\/","title":{"rendered":"Ch\u00ednh s\u00e1ch b\u1ea3o v\u1ec7 th\u00f4ng tin c\u00e1 nh\u00e2n."},"content":{"rendered":"","protected":false},"excerpt":{"rendered":"","protected":false},"author":2,"featured_media":0,"parent":0,"menu_order":0,"comment_status":"closed","ping_status":"closed","template":"page-design1.php","meta":{"footnotes":""},"class_list":["post-72","page","type-page","status-publish","hentry"],"_links":{"self":[{"href":"https:\/\/www.f-create.or.jp\/vn\/wp-json\/wp\/v2\/pages\/72","targetHints":{"allow":["GET"]}}],"collection":[{"href":"https:\/\/www.f-create.or.jp\/vn\/wp-json\/wp\/v2\/pages"}],"about":[{"href":"https:\/\/www.f-create.or.jp\/vn\/wp-json\/wp\/v2\/types\/page"}],"author":[{"embeddable":true,"href":"https:\/\/www.f-create.or.jp\/vn\/wp-json\/wp\/v2\/users\/2"}],"replies":[{"embeddable":true,"href":"https:\/\/www.f-create.or.jp\/vn\/wp-json\/wp\/v2\/comments?post=72"}],"version-history":[{"count":3,"href":"https:\/\/www.f-create.or.jp\/vn\/wp-json\/wp\/v2\/pages\/72\/revisions"}],"predecessor-version":[{"id":126,"href":"https:\/\/www.f-create.or.jp\/vn\/wp-json\/wp\/v2\/pages\/72\/revisions\/126"}],"wp:attachment":[{"href":"https:\/\/www.f-create.or.jp\/vn\/wp-json\/wp\/v2\/media?parent=72"}],"curies":[{"name":"wp","href":"https:\/\/api.w.org\/{rel}","templated":true}]}}